{"id":427,"date":"2021-03-17T22:22:43","date_gmt":"2021-03-17T22:22:43","guid":{"rendered":"http:\/\/web.quimicosypolimeros.com\/product\/acido-esterico-50-18\/"},"modified":"2021-08-23T17:46:51","modified_gmt":"2021-08-23T17:46:51","slug":"acido-esterico-50-18","status":"publish","type":"product","link":"https:\/\/www.quimipol.com.mx\/en\/product\/acido-esterico-50-18\/","title":{"rendered":"Acido Este\u00e1rico 50-18"},"content":{"rendered":"<p>Usos: Formulaci\u00f3n de compuestos de hule vulcanizados, modificador de viscosidad, aditivos de lubricante, jabones, pulimentos, industria textil, cosm\u00e9ticos, fabricaci\u00f3n de crayones, puntilla de l\u00e1pices, cosm\u00e9ticos, aditivos para concreto<\/p>","protected":false},"excerpt":{"rendered":"<p>Activador para vulcanizaci\u00f3n de hule obtenido del aceite vegetal de palma, s\u00f3lido microcristalino. Presentaci\u00f3n: polvo o escamas en saco de 25 Kg<\/p>","protected":false},"featured_media":1290,"comment_status":"closed","ping_status":"closed","template":"","meta":{"_monsterinsights_skip_tracking":false,"_monsterinsights_sitenote_active":false,"_monsterinsights_sitenote_note":"","_monsterinsights_sitenote_category":0},"product_brand":[],"product_cat":[104],"product_tag":[],"class_list":{"0":"post-427","1":"product","2":"type-product","3":"status-publish","4":"has-post-thumbnail","6":"product_cat-acido-estearico","8":"first","9":"instock","10":"shipping-taxable","11":"purchasable","12":"product-type-simple"},"yoast_head":"<!-- This site is optimized with the Yoast SEO plugin v27.2 - https:\/\/yoast.com\/product\/yoast-seo-wordpress\/ -->\n<title>Acido Este\u00e1rico 50-18 - Qu\u00edmicos y Pol\u00edmeros Corporation S.A. de C.V.\u00ae<\/title>\n<meta name=\"robots\" content=\"index, follow, max-snippet:-1, max-image-preview:large, max-video-preview:-1\" \/>\n<link rel=\"canonical\" href=\"http:\/\/www.quimipol.com.mx\/en\/product\/acido-esterico-50-18\/\" \/>\n<meta property=\"og:locale\" content=\"en_US\" \/>\n<meta property=\"og:type\" content=\"article\" \/>\n<meta property=\"og:title\" content=\"Acido Este\u00e1rico 50-18 - Qu\u00edmicos y Pol\u00edmeros Corporation S.A. de C.V.\u00ae\" \/>\n<meta property=\"og:description\" content=\"Activador para vulcanizaci\u00f3n de hule obtenido del aceite vegetal de palma, s\u00f3lido microcristalino. Presentaci\u00f3n: polvo o escamas en saco de 25 Kg\" \/>\n<meta property=\"og:url\" content=\"http:\/\/www.quimipol.com.mx\/en\/product\/acido-esterico-50-18\/\" \/>\n<meta property=\"og:site_name\" content=\"Qu\u00edmicos y Pol\u00edmeros Corporation S.A. de C.V.\u00ae\" \/>\n<meta property=\"article:publisher\" content=\"https:\/\/www.facebook.com\/quimicosypolimeros\" \/>\n<meta property=\"article:modified_time\" content=\"2021-08-23T17:46:51+00:00\" \/>\n<meta property=\"og:image\" content=\"http:\/\/www.quimipol.com.mx\/wp-content\/uploads\/2021\/03\/ACIDO-ESTEARICO-QUIMIPOL-1122x800.png\" \/>\n\t<meta property=\"og:image:width\" content=\"1122\" \/>\n\t<meta property=\"og:image:height\" content=\"800\" \/>\n\t<meta property=\"og:image:type\" content=\"image\/png\" \/>\n<meta name=\"twitter:card\" content=\"summary_large_image\" \/>\n<script type=\"application\/ld+json\" class=\"yoast-schema-graph\">{\"@context\":\"https:\/\/schema.org\",\"@graph\":[{\"@type\":\"WebPage\",\"@id\":\"http:\/\/www.quimipol.com.mx\/en\/product\/acido-esterico-50-18\/\",\"url\":\"http:\/\/www.quimipol.com.mx\/en\/product\/acido-esterico-50-18\/\",\"name\":\"Acido Este\u00e1rico 50-18 - Qu\u00edmicos y Pol\u00edmeros Corporation S.A. de C.V.\u00ae\",\"isPartOf\":{\"@id\":\"http:\/\/www.quimipol.com.mx\/#website\"},\"primaryImageOfPage\":{\"@id\":\"http:\/\/www.quimipol.com.mx\/en\/product\/acido-esterico-50-18\/#primaryimage\"},\"image\":{\"@id\":\"http:\/\/www.quimipol.com.mx\/en\/product\/acido-esterico-50-18\/#primaryimage\"},\"thumbnailUrl\":\"https:\/\/www.quimipol.com.mx\/wp-content\/uploads\/2021\/03\/ACIDO-ESTEARICO-QUIMIPOL.png\",\"datePublished\":\"2021-03-17T22:22:43+00:00\",\"dateModified\":\"2021-08-23T17:46:51+00:00\",\"breadcrumb\":{\"@id\":\"http:\/\/www.quimipol.com.mx\/en\/product\/acido-esterico-50-18\/#breadcrumb\"},\"inLanguage\":\"en-US\",\"potentialAction\":[{\"@type\":\"ReadAction\",\"target\":[\"http:\/\/www.quimipol.com.mx\/en\/product\/acido-esterico-50-18\/\"]}]},{\"@type\":\"ImageObject\",\"inLanguage\":\"en-US\",\"@id\":\"http:\/\/www.quimipol.com.mx\/en\/product\/acido-esterico-50-18\/#primaryimage\",\"url\":\"https:\/\/www.quimipol.com.mx\/wp-content\/uploads\/2021\/03\/ACIDO-ESTEARICO-QUIMIPOL.png\",\"contentUrl\":\"https:\/\/www.quimipol.com.mx\/wp-content\/uploads\/2021\/03\/ACIDO-ESTEARICO-QUIMIPOL.png\",\"width\":1578,\"height\":1125},{\"@type\":\"BreadcrumbList\",\"@id\":\"http:\/\/www.quimipol.com.mx\/en\/product\/acido-esterico-50-18\/#breadcrumb\",\"itemListElement\":[{\"@type\":\"ListItem\",\"position\":1,\"name\":\"Inicio\",\"item\":\"http:\/\/www.quimipol.com.mx\/\"},{\"@type\":\"ListItem\",\"position\":2,\"name\":\"Tienda\",\"item\":\"https:\/\/www.quimipol.com.mx\/tienda\/\"},{\"@type\":\"ListItem\",\"position\":3,\"name\":\"Acido Este\u00e1rico 50-18\"}]},{\"@type\":\"WebSite\",\"@id\":\"http:\/\/www.quimipol.com.mx\/#website\",\"url\":\"http:\/\/www.quimipol.com.mx\/\",\"name\":\"Qu\u00edmicos y Pol\u00edmeros Corporation S.A. de C.V.\u00ae\",\"description\":\"\",\"publisher\":{\"@id\":\"http:\/\/www.quimipol.com.mx\/#organization\"},\"potentialAction\":[{\"@type\":\"SearchAction\",\"target\":{\"@type\":\"EntryPoint\",\"urlTemplate\":\"http:\/\/www.quimipol.com.mx\/?s={search_term_string}\"},\"query-input\":{\"@type\":\"PropertyValueSpecification\",\"valueRequired\":true,\"valueName\":\"search_term_string\"}}],\"inLanguage\":\"en-US\"},{\"@type\":\"Organization\",\"@id\":\"http:\/\/www.quimipol.com.mx\/#organization\",\"name\":\"Quimicos y Polimeros\",\"url\":\"http:\/\/www.quimipol.com.mx\/\",\"logo\":{\"@type\":\"ImageObject\",\"inLanguage\":\"en-US\",\"@id\":\"http:\/\/www.quimipol.com.mx\/#\/schema\/logo\/image\/\",\"url\":\"http:\/\/www.quimipol.com.mxwp-content\/uploads\/2021\/03\/cropped-PSULP8001DR07-scaled-1.jpg\",\"contentUrl\":\"http:\/\/www.quimipol.com.mxwp-content\/uploads\/2021\/03\/cropped-PSULP8001DR07-scaled-1.jpg\",\"width\":512,\"height\":512,\"caption\":\"Quimicos y Polimeros\"},\"image\":{\"@id\":\"http:\/\/www.quimipol.com.mx\/#\/schema\/logo\/image\/\"},\"sameAs\":[\"https:\/\/www.facebook.com\/quimicosypolimeros\",\"https:\/\/www.instagram.com\/quimicosypolimeros\/\",\"https:\/\/www.linkedin.com\/company\/quimicosypolimeroscorporation\",\"https:\/\/www.youtube.com\/channel\/UCYszrBcfRxbZIHbkLuHN_1A\"]}]}<\/script>\n<!-- \/ Yoast SEO plugin. -->","yoast_head_json":{"title":"Acido Este\u00e1rico 50-18 - Qu\u00edmicos y Pol\u00edmeros Corporation S.A. de C.V.\u00ae","robots":{"index":"index","follow":"follow","max-snippet":"max-snippet:-1","max-image-preview":"max-image-preview:large","max-video-preview":"max-video-preview:-1"},"canonical":"http:\/\/www.quimipol.com.mx\/en\/product\/acido-esterico-50-18\/","og_locale":"en_US","og_type":"article","og_title":"Acido Este\u00e1rico 50-18 - Qu\u00edmicos y Pol\u00edmeros Corporation S.A. de C.V.\u00ae","og_description":"Activador para vulcanizaci\u00f3n de hule obtenido del aceite vegetal de palma, s\u00f3lido microcristalino. Presentaci\u00f3n: polvo o escamas en saco de 25 Kg","og_url":"http:\/\/www.quimipol.com.mx\/en\/product\/acido-esterico-50-18\/","og_site_name":"Qu\u00edmicos y Pol\u00edmeros Corporation S.A. de C.V.\u00ae","article_publisher":"https:\/\/www.facebook.com\/quimicosypolimeros","article_modified_time":"2021-08-23T17:46:51+00:00","og_image":[{"width":1122,"height":800,"url":"http:\/\/www.quimipol.com.mx\/wp-content\/uploads\/2021\/03\/ACIDO-ESTEARICO-QUIMIPOL-1122x800.png","type":"image\/png"}],"twitter_card":"summary_large_image","schema":{"@context":"https:\/\/schema.org","@graph":[{"@type":"WebPage","@id":"http:\/\/www.quimipol.com.mx\/en\/product\/acido-esterico-50-18\/","url":"http:\/\/www.quimipol.com.mx\/en\/product\/acido-esterico-50-18\/","name":"Acido Este\u00e1rico 50-18 - Qu\u00edmicos y Pol\u00edmeros Corporation S.A. de C.V.\u00ae","isPartOf":{"@id":"http:\/\/www.quimipol.com.mx\/#website"},"primaryImageOfPage":{"@id":"http:\/\/www.quimipol.com.mx\/en\/product\/acido-esterico-50-18\/#primaryimage"},"image":{"@id":"http:\/\/www.quimipol.com.mx\/en\/product\/acido-esterico-50-18\/#primaryimage"},"thumbnailUrl":"https:\/\/www.quimipol.com.mx\/wp-content\/uploads\/2021\/03\/ACIDO-ESTEARICO-QUIMIPOL.png","datePublished":"2021-03-17T22:22:43+00:00","dateModified":"2021-08-23T17:46:51+00:00","breadcrumb":{"@id":"http:\/\/www.quimipol.com.mx\/en\/product\/acido-esterico-50-18\/#breadcrumb"},"inLanguage":"en-US","potentialAction":[{"@type":"ReadAction","target":["http:\/\/www.quimipol.com.mx\/en\/product\/acido-esterico-50-18\/"]}]},{"@type":"ImageObject","inLanguage":"en-US","@id":"http:\/\/www.quimipol.com.mx\/en\/product\/acido-esterico-50-18\/#primaryimage","url":"https:\/\/www.quimipol.com.mx\/wp-content\/uploads\/2021\/03\/ACIDO-ESTEARICO-QUIMIPOL.png","contentUrl":"https:\/\/www.quimipol.com.mx\/wp-content\/uploads\/2021\/03\/ACIDO-ESTEARICO-QUIMIPOL.png","width":1578,"height":1125},{"@type":"BreadcrumbList","@id":"http:\/\/www.quimipol.com.mx\/en\/product\/acido-esterico-50-18\/#breadcrumb","itemListElement":[{"@type":"ListItem","position":1,"name":"Inicio","item":"http:\/\/www.quimipol.com.mx\/"},{"@type":"ListItem","position":2,"name":"Tienda","item":"https:\/\/www.quimipol.com.mx\/tienda\/"},{"@type":"ListItem","position":3,"name":"Acido Este\u00e1rico 50-18"}]},{"@type":"WebSite","@id":"http:\/\/www.quimipol.com.mx\/#website","url":"http:\/\/www.quimipol.com.mx\/","name":"Qu\u00edmicos y Pol\u00edmeros Corporation S.A. de C.V.\u00ae","description":"","publisher":{"@id":"http:\/\/www.quimipol.com.mx\/#organization"},"potentialAction":[{"@type":"SearchAction","target":{"@type":"EntryPoint","urlTemplate":"http:\/\/www.quimipol.com.mx\/?s={search_term_string}"},"query-input":{"@type":"PropertyValueSpecification","valueRequired":true,"valueName":"search_term_string"}}],"inLanguage":"en-US"},{"@type":"Organization","@id":"http:\/\/www.quimipol.com.mx\/#organization","name":"Quimicos y Polimeros","url":"http:\/\/www.quimipol.com.mx\/","logo":{"@type":"ImageObject","inLanguage":"en-US","@id":"http:\/\/www.quimipol.com.mx\/#\/schema\/logo\/image\/","url":"http:\/\/www.quimipol.com.mxwp-content\/uploads\/2021\/03\/cropped-PSULP8001DR07-scaled-1.jpg","contentUrl":"http:\/\/www.quimipol.com.mxwp-content\/uploads\/2021\/03\/cropped-PSULP8001DR07-scaled-1.jpg","width":512,"height":512,"caption":"Quimicos y Polimeros"},"image":{"@id":"http:\/\/www.quimipol.com.mx\/#\/schema\/logo\/image\/"},"sameAs":["https:\/\/www.facebook.com\/quimicosypolimeros","https:\/\/www.instagram.com\/quimicosypolimeros\/","https:\/\/www.linkedin.com\/company\/quimicosypolimeroscorporation","https:\/\/www.youtube.com\/channel\/UCYszrBcfRxbZIHbkLuHN_1A"]}]}},"_links":{"self":[{"href":"https:\/\/www.quimipol.com.mx\/en\/wp-json\/wp\/v2\/product\/427","targetHints":{"allow":["GET"]}}],"collection":[{"href":"https:\/\/www.quimipol.com.mx\/en\/wp-json\/wp\/v2\/product"}],"about":[{"href":"https:\/\/www.quimipol.com.mx\/en\/wp-json\/wp\/v2\/types\/product"}],"replies":[{"embeddable":true,"href":"https:\/\/www.quimipol.com.mx\/en\/wp-json\/wp\/v2\/comments?post=427"}],"wp:featuredmedia":[{"embeddable":true,"href":"https:\/\/www.quimipol.com.mx\/en\/wp-json\/wp\/v2\/media\/1290"}],"wp:attachment":[{"href":"https:\/\/www.quimipol.com.mx\/en\/wp-json\/wp\/v2\/media?parent=427"}],"wp:term":[{"taxonomy":"product_brand","embeddable":true,"href":"https:\/\/www.quimipol.com.mx\/en\/wp-json\/wp\/v2\/product_brand?post=427"},{"taxonomy":"product_cat","embeddable":true,"href":"https:\/\/www.quimipol.com.mx\/en\/wp-json\/wp\/v2\/product_cat?post=427"},{"taxonomy":"product_tag","embeddable":true,"href":"https:\/\/www.quimipol.com.mx\/en\/wp-json\/wp\/v2\/product_tag?post=427"}],"curies":[{"name":"wp","href":"https:\/\/api.w.org\/{rel}","templated":true}]}}