{"id":424,"date":"2021-03-17T22:22:42","date_gmt":"2021-03-17T22:22:42","guid":{"rendered":"http:\/\/web.quimicosypolimeros.com\/product\/aceite-naftenico-305-tambo\/"},"modified":"2021-03-24T23:07:51","modified_gmt":"2021-03-24T23:07:51","slug":"aceite-naftenico-305-tambo","status":"publish","type":"product","link":"https:\/\/www.quimipol.com.mx\/en\/product\/aceite-naftenico-305-tambo\/","title":{"rendered":"Aceite Naftenico 305 TAMBO"},"content":{"rendered":"<p>Derivado de petroleo, con excelente nivel de compatibilidad con gran cantidad de pol\u00edmeros, Usos: compuesto termopl\u00e1stico base SBS para suela de calzado, adhesivos, art\u00edculos pl\u00e1sticos, lubricante de cojinetes<\/p>","protected":false},"excerpt":{"rendered":"<p>Plastificantes de baja viscosidad y color amarillo claro, usado en compuestos vulcanizados de hule. Presentaci\u00f3n: Tambor 208 L y cubeta 19 L<\/p>","protected":false},"featured_media":664,"comment_status":"closed","ping_status":"closed","template":"","meta":{"_monsterinsights_skip_tracking":false,"_monsterinsights_sitenote_active":false,"_monsterinsights_sitenote_note":"","_monsterinsights_sitenote_category":0},"product_brand":[],"product_cat":[101],"product_tag":[],"class_list":{"0":"post-424","1":"product","2":"type-product","3":"status-publish","4":"has-post-thumbnail","6":"product_cat-aceites-de-proceso","8":"first","9":"instock","10":"shipping-taxable","11":"purchasable","12":"product-type-simple"},"yoast_head":"<!-- This site is optimized with the Yoast SEO plugin v27.2 - https:\/\/yoast.com\/product\/yoast-seo-wordpress\/ -->\n<title>Aceite Naftenico 305 TAMBO - Qu\u00edmicos y Pol\u00edmeros Corporation S.A. de C.V.\u00ae<\/title>\n<meta name=\"robots\" content=\"index, follow, max-snippet:-1, max-image-preview:large, max-video-preview:-1\" \/>\n<link rel=\"canonical\" href=\"http:\/\/www.quimipol.com.mx\/en\/product\/aceite-naftenico-305-tambo\/\" \/>\n<meta property=\"og:locale\" content=\"en_US\" \/>\n<meta property=\"og:type\" content=\"article\" \/>\n<meta property=\"og:title\" content=\"Aceite Naftenico 305 TAMBO - Qu\u00edmicos y Pol\u00edmeros Corporation S.A. de C.V.\u00ae\" \/>\n<meta property=\"og:description\" content=\"Plastificantes de baja viscosidad y color amarillo claro, usado en compuestos vulcanizados de hule. Presentaci\u00f3n: Tambor 208 L y cubeta 19 L\" \/>\n<meta property=\"og:url\" content=\"http:\/\/www.quimipol.com.mx\/en\/product\/aceite-naftenico-305-tambo\/\" \/>\n<meta property=\"og:site_name\" content=\"Qu\u00edmicos y Pol\u00edmeros Corporation S.A. de C.V.\u00ae\" \/>\n<meta property=\"article:publisher\" content=\"https:\/\/www.facebook.com\/quimicosypolimeros\" \/>\n<meta property=\"article:modified_time\" content=\"2021-03-24T23:07:51+00:00\" \/>\n<meta property=\"og:image\" content=\"http:\/\/www.quimipol.com.mx\/wp-content\/uploads\/2021\/03\/CECAN029MA13-scaled.jpg\" \/>\n\t<meta property=\"og:image:width\" content=\"2560\" \/>\n\t<meta property=\"og:image:height\" content=\"1789\" \/>\n\t<meta property=\"og:image:type\" content=\"image\/jpeg\" \/>\n<meta name=\"twitter:card\" content=\"summary_large_image\" \/>\n<script type=\"application\/ld+json\" class=\"yoast-schema-graph\">{\"@context\":\"https:\/\/schema.org\",\"@graph\":[{\"@type\":\"WebPage\",\"@id\":\"http:\/\/www.quimipol.com.mx\/en\/product\/aceite-naftenico-305-tambo\/\",\"url\":\"http:\/\/www.quimipol.com.mx\/en\/product\/aceite-naftenico-305-tambo\/\",\"name\":\"Aceite Naftenico 305 TAMBO - Qu\u00edmicos y Pol\u00edmeros Corporation S.A. de C.V.\u00ae\",\"isPartOf\":{\"@id\":\"http:\/\/www.quimipol.com.mx\/#website\"},\"primaryImageOfPage\":{\"@id\":\"http:\/\/www.quimipol.com.mx\/en\/product\/aceite-naftenico-305-tambo\/#primaryimage\"},\"image\":{\"@id\":\"http:\/\/www.quimipol.com.mx\/en\/product\/aceite-naftenico-305-tambo\/#primaryimage\"},\"thumbnailUrl\":\"https:\/\/www.quimipol.com.mx\/wp-content\/uploads\/2021\/03\/CECAN029MA13-scaled.jpg\",\"datePublished\":\"2021-03-17T22:22:42+00:00\",\"dateModified\":\"2021-03-24T23:07:51+00:00\",\"breadcrumb\":{\"@id\":\"http:\/\/www.quimipol.com.mx\/en\/product\/aceite-naftenico-305-tambo\/#breadcrumb\"},\"inLanguage\":\"en-US\",\"potentialAction\":[{\"@type\":\"ReadAction\",\"target\":[\"http:\/\/www.quimipol.com.mx\/en\/product\/aceite-naftenico-305-tambo\/\"]}]},{\"@type\":\"ImageObject\",\"inLanguage\":\"en-US\",\"@id\":\"http:\/\/www.quimipol.com.mx\/en\/product\/aceite-naftenico-305-tambo\/#primaryimage\",\"url\":\"https:\/\/www.quimipol.com.mx\/wp-content\/uploads\/2021\/03\/CECAN029MA13-scaled.jpg\",\"contentUrl\":\"https:\/\/www.quimipol.com.mx\/wp-content\/uploads\/2021\/03\/CECAN029MA13-scaled.jpg\",\"width\":2560,\"height\":1789},{\"@type\":\"BreadcrumbList\",\"@id\":\"http:\/\/www.quimipol.com.mx\/en\/product\/aceite-naftenico-305-tambo\/#breadcrumb\",\"itemListElement\":[{\"@type\":\"ListItem\",\"position\":1,\"name\":\"Inicio\",\"item\":\"http:\/\/www.quimipol.com.mx\/\"},{\"@type\":\"ListItem\",\"position\":2,\"name\":\"Tienda\",\"item\":\"https:\/\/www.quimipol.com.mx\/tienda\/\"},{\"@type\":\"ListItem\",\"position\":3,\"name\":\"Aceite Naftenico 305 TAMBO\"}]},{\"@type\":\"WebSite\",\"@id\":\"http:\/\/www.quimipol.com.mx\/#website\",\"url\":\"http:\/\/www.quimipol.com.mx\/\",\"name\":\"Qu\u00edmicos y Pol\u00edmeros Corporation S.A. de C.V.\u00ae\",\"description\":\"\",\"publisher\":{\"@id\":\"http:\/\/www.quimipol.com.mx\/#organization\"},\"potentialAction\":[{\"@type\":\"SearchAction\",\"target\":{\"@type\":\"EntryPoint\",\"urlTemplate\":\"http:\/\/www.quimipol.com.mx\/?s={search_term_string}\"},\"query-input\":{\"@type\":\"PropertyValueSpecification\",\"valueRequired\":true,\"valueName\":\"search_term_string\"}}],\"inLanguage\":\"en-US\"},{\"@type\":\"Organization\",\"@id\":\"http:\/\/www.quimipol.com.mx\/#organization\",\"name\":\"Quimicos y Polimeros\",\"url\":\"http:\/\/www.quimipol.com.mx\/\",\"logo\":{\"@type\":\"ImageObject\",\"inLanguage\":\"en-US\",\"@id\":\"http:\/\/www.quimipol.com.mx\/#\/schema\/logo\/image\/\",\"url\":\"http:\/\/www.quimipol.com.mxwp-content\/uploads\/2021\/03\/cropped-PSULP8001DR07-scaled-1.jpg\",\"contentUrl\":\"http:\/\/www.quimipol.com.mxwp-content\/uploads\/2021\/03\/cropped-PSULP8001DR07-scaled-1.jpg\",\"width\":512,\"height\":512,\"caption\":\"Quimicos y Polimeros\"},\"image\":{\"@id\":\"http:\/\/www.quimipol.com.mx\/#\/schema\/logo\/image\/\"},\"sameAs\":[\"https:\/\/www.facebook.com\/quimicosypolimeros\",\"https:\/\/www.instagram.com\/quimicosypolimeros\/\",\"https:\/\/www.linkedin.com\/company\/quimicosypolimeroscorporation\",\"https:\/\/www.youtube.com\/channel\/UCYszrBcfRxbZIHbkLuHN_1A\"]}]}<\/script>\n<!-- \/ Yoast SEO plugin. -->","yoast_head_json":{"title":"Aceite Naftenico 305 TAMBO - Qu\u00edmicos y Pol\u00edmeros Corporation S.A. de C.V.\u00ae","robots":{"index":"index","follow":"follow","max-snippet":"max-snippet:-1","max-image-preview":"max-image-preview:large","max-video-preview":"max-video-preview:-1"},"canonical":"http:\/\/www.quimipol.com.mx\/en\/product\/aceite-naftenico-305-tambo\/","og_locale":"en_US","og_type":"article","og_title":"Aceite Naftenico 305 TAMBO - Qu\u00edmicos y Pol\u00edmeros Corporation S.A. de C.V.\u00ae","og_description":"Plastificantes de baja viscosidad y color amarillo claro, usado en compuestos vulcanizados de hule. Presentaci\u00f3n: Tambor 208 L y cubeta 19 L","og_url":"http:\/\/www.quimipol.com.mx\/en\/product\/aceite-naftenico-305-tambo\/","og_site_name":"Qu\u00edmicos y Pol\u00edmeros Corporation S.A. de C.V.\u00ae","article_publisher":"https:\/\/www.facebook.com\/quimicosypolimeros","article_modified_time":"2021-03-24T23:07:51+00:00","og_image":[{"width":2560,"height":1789,"url":"http:\/\/www.quimipol.com.mx\/wp-content\/uploads\/2021\/03\/CECAN029MA13-scaled.jpg","type":"image\/jpeg"}],"twitter_card":"summary_large_image","schema":{"@context":"https:\/\/schema.org","@graph":[{"@type":"WebPage","@id":"http:\/\/www.quimipol.com.mx\/en\/product\/aceite-naftenico-305-tambo\/","url":"http:\/\/www.quimipol.com.mx\/en\/product\/aceite-naftenico-305-tambo\/","name":"Aceite Naftenico 305 TAMBO - Qu\u00edmicos y Pol\u00edmeros Corporation S.A. de C.V.\u00ae","isPartOf":{"@id":"http:\/\/www.quimipol.com.mx\/#website"},"primaryImageOfPage":{"@id":"http:\/\/www.quimipol.com.mx\/en\/product\/aceite-naftenico-305-tambo\/#primaryimage"},"image":{"@id":"http:\/\/www.quimipol.com.mx\/en\/product\/aceite-naftenico-305-tambo\/#primaryimage"},"thumbnailUrl":"https:\/\/www.quimipol.com.mx\/wp-content\/uploads\/2021\/03\/CECAN029MA13-scaled.jpg","datePublished":"2021-03-17T22:22:42+00:00","dateModified":"2021-03-24T23:07:51+00:00","breadcrumb":{"@id":"http:\/\/www.quimipol.com.mx\/en\/product\/aceite-naftenico-305-tambo\/#breadcrumb"},"inLanguage":"en-US","potentialAction":[{"@type":"ReadAction","target":["http:\/\/www.quimipol.com.mx\/en\/product\/aceite-naftenico-305-tambo\/"]}]},{"@type":"ImageObject","inLanguage":"en-US","@id":"http:\/\/www.quimipol.com.mx\/en\/product\/aceite-naftenico-305-tambo\/#primaryimage","url":"https:\/\/www.quimipol.com.mx\/wp-content\/uploads\/2021\/03\/CECAN029MA13-scaled.jpg","contentUrl":"https:\/\/www.quimipol.com.mx\/wp-content\/uploads\/2021\/03\/CECAN029MA13-scaled.jpg","width":2560,"height":1789},{"@type":"BreadcrumbList","@id":"http:\/\/www.quimipol.com.mx\/en\/product\/aceite-naftenico-305-tambo\/#breadcrumb","itemListElement":[{"@type":"ListItem","position":1,"name":"Inicio","item":"http:\/\/www.quimipol.com.mx\/"},{"@type":"ListItem","position":2,"name":"Tienda","item":"https:\/\/www.quimipol.com.mx\/tienda\/"},{"@type":"ListItem","position":3,"name":"Aceite Naftenico 305 TAMBO"}]},{"@type":"WebSite","@id":"http:\/\/www.quimipol.com.mx\/#website","url":"http:\/\/www.quimipol.com.mx\/","name":"Qu\u00edmicos y Pol\u00edmeros Corporation S.A. de C.V.\u00ae","description":"","publisher":{"@id":"http:\/\/www.quimipol.com.mx\/#organization"},"potentialAction":[{"@type":"SearchAction","target":{"@type":"EntryPoint","urlTemplate":"http:\/\/www.quimipol.com.mx\/?s={search_term_string}"},"query-input":{"@type":"PropertyValueSpecification","valueRequired":true,"valueName":"search_term_string"}}],"inLanguage":"en-US"},{"@type":"Organization","@id":"http:\/\/www.quimipol.com.mx\/#organization","name":"Quimicos y Polimeros","url":"http:\/\/www.quimipol.com.mx\/","logo":{"@type":"ImageObject","inLanguage":"en-US","@id":"http:\/\/www.quimipol.com.mx\/#\/schema\/logo\/image\/","url":"http:\/\/www.quimipol.com.mxwp-content\/uploads\/2021\/03\/cropped-PSULP8001DR07-scaled-1.jpg","contentUrl":"http:\/\/www.quimipol.com.mxwp-content\/uploads\/2021\/03\/cropped-PSULP8001DR07-scaled-1.jpg","width":512,"height":512,"caption":"Quimicos y Polimeros"},"image":{"@id":"http:\/\/www.quimipol.com.mx\/#\/schema\/logo\/image\/"},"sameAs":["https:\/\/www.facebook.com\/quimicosypolimeros","https:\/\/www.instagram.com\/quimicosypolimeros\/","https:\/\/www.linkedin.com\/company\/quimicosypolimeroscorporation","https:\/\/www.youtube.com\/channel\/UCYszrBcfRxbZIHbkLuHN_1A"]}]}},"_links":{"self":[{"href":"https:\/\/www.quimipol.com.mx\/en\/wp-json\/wp\/v2\/product\/424","targetHints":{"allow":["GET"]}}],"collection":[{"href":"https:\/\/www.quimipol.com.mx\/en\/wp-json\/wp\/v2\/product"}],"about":[{"href":"https:\/\/www.quimipol.com.mx\/en\/wp-json\/wp\/v2\/types\/product"}],"replies":[{"embeddable":true,"href":"https:\/\/www.quimipol.com.mx\/en\/wp-json\/wp\/v2\/comments?post=424"}],"wp:featuredmedia":[{"embeddable":true,"href":"https:\/\/www.quimipol.com.mx\/en\/wp-json\/wp\/v2\/media\/664"}],"wp:attachment":[{"href":"https:\/\/www.quimipol.com.mx\/en\/wp-json\/wp\/v2\/media?parent=424"}],"wp:term":[{"taxonomy":"product_brand","embeddable":true,"href":"https:\/\/www.quimipol.com.mx\/en\/wp-json\/wp\/v2\/product_brand?post=424"},{"taxonomy":"product_cat","embeddable":true,"href":"https:\/\/www.quimipol.com.mx\/en\/wp-json\/wp\/v2\/product_cat?post=424"},{"taxonomy":"product_tag","embeddable":true,"href":"https:\/\/www.quimipol.com.mx\/en\/wp-json\/wp\/v2\/product_tag?post=424"}],"curies":[{"name":"wp","href":"https:\/\/api.w.org\/{rel}","templated":true}]}}