{"id":460,"date":"2021-03-17T22:22:49","date_gmt":"2021-03-17T22:22:49","guid":{"rendered":"http:\/\/web.quimicosypolimeros.com\/product\/thixon-p-11-lata\/"},"modified":"2021-03-24T23:08:19","modified_gmt":"2021-03-24T23:08:19","slug":"thixon-p-11-lata","status":"publish","type":"product","link":"http:\/\/www.quimipol.com.mx\/en\/product\/thixon-p-11-lata\/","title":{"rendered":"Thixon P-11 LATA"},"content":{"rendered":"<p>Puede ser usado como adhesivo de una sola capa para pol\u00edmeros polares como NBR, ACM, Neopreno, AEM. Usado para adherencia a metales como Cold roll, Acero Inoxidable, Bronce, Aluminio, metales Galvanizados, etc.<\/p>","protected":false},"excerpt":{"rendered":"<p>Primer para adhesivo de la l\u00ednea Thixon y Megum en uniones Hule- Metal durante procesos de vulcanizaci\u00f3n. Presentaci\u00f3n: Lata 1 gal, y cubeta 20 L<\/p>","protected":false},"featured_media":555,"comment_status":"closed","ping_status":"closed","template":"","meta":{"_monsterinsights_skip_tracking":false,"_monsterinsights_sitenote_active":false,"_monsterinsights_sitenote_note":"","_monsterinsights_sitenote_category":0},"product_brand":[],"product_cat":[117,116],"product_tag":[],"class_list":{"0":"post-460","1":"product","2":"type-product","3":"status-publish","4":"has-post-thumbnail","6":"product_cat-adhesivos-hule-metal","7":"product_cat-thixon","9":"first","10":"instock","11":"shipping-taxable","12":"purchasable","13":"product-type-simple"},"yoast_head":"<!-- This site is optimized with the Yoast SEO plugin v27.2 - https:\/\/yoast.com\/product\/yoast-seo-wordpress\/ -->\n<title>Thixon P-11 LATA - Qu\u00edmicos y Pol\u00edmeros Corporation S.A. de C.V.\u00ae<\/title>\n<meta name=\"robots\" content=\"index, follow, max-snippet:-1, max-image-preview:large, max-video-preview:-1\" \/>\n<link rel=\"canonical\" href=\"http:\/\/www.quimipol.com.mx\/en\/product\/thixon-p-11-lata\/\" \/>\n<meta property=\"og:locale\" content=\"en_US\" \/>\n<meta property=\"og:type\" content=\"article\" \/>\n<meta property=\"og:title\" content=\"Thixon P-11 LATA - Qu\u00edmicos y Pol\u00edmeros Corporation S.A. de C.V.\u00ae\" \/>\n<meta property=\"og:description\" content=\"Primer para adhesivo de la l\u00ednea Thixon y Megum en uniones Hule- Metal durante procesos de vulcanizaci\u00f3n. Presentaci\u00f3n: Lata 1 gal, y cubeta 20 L\" \/>\n<meta property=\"og:url\" content=\"http:\/\/www.quimipol.com.mx\/en\/product\/thixon-p-11-lata\/\" \/>\n<meta property=\"og:site_name\" content=\"Qu\u00edmicos y Pol\u00edmeros Corporation S.A. de C.V.\u00ae\" \/>\n<meta property=\"article:publisher\" content=\"https:\/\/www.facebook.com\/quimicosypolimeros\" \/>\n<meta property=\"article:modified_time\" content=\"2021-03-24T23:08:19+00:00\" \/>\n<meta property=\"og:image\" content=\"http:\/\/www.quimipol.com.mx\/wp-content\/uploads\/2021\/03\/THP1103NUC03.png\" \/>\n\t<meta property=\"og:image:width\" content=\"600\" \/>\n\t<meta property=\"og:image:height\" content=\"600\" \/>\n\t<meta property=\"og:image:type\" content=\"image\/png\" \/>\n<meta name=\"twitter:card\" content=\"summary_large_image\" \/>\n<script type=\"application\/ld+json\" class=\"yoast-schema-graph\">{\"@context\":\"https:\/\/schema.org\",\"@graph\":[{\"@type\":\"WebPage\",\"@id\":\"http:\/\/www.quimipol.com.mx\/en\/product\/thixon-p-11-lata\/\",\"url\":\"http:\/\/www.quimipol.com.mx\/en\/product\/thixon-p-11-lata\/\",\"name\":\"Thixon P-11 LATA - Qu\u00edmicos y Pol\u00edmeros Corporation S.A. de C.V.\u00ae\",\"isPartOf\":{\"@id\":\"http:\/\/www.quimipol.com.mx\/#website\"},\"primaryImageOfPage\":{\"@id\":\"http:\/\/www.quimipol.com.mx\/en\/product\/thixon-p-11-lata\/#primaryimage\"},\"image\":{\"@id\":\"http:\/\/www.quimipol.com.mx\/en\/product\/thixon-p-11-lata\/#primaryimage\"},\"thumbnailUrl\":\"http:\/\/www.quimipol.com.mx\/wp-content\/uploads\/2021\/03\/THP1103NUC03.png\",\"datePublished\":\"2021-03-17T22:22:49+00:00\",\"dateModified\":\"2021-03-24T23:08:19+00:00\",\"breadcrumb\":{\"@id\":\"http:\/\/www.quimipol.com.mx\/en\/product\/thixon-p-11-lata\/#breadcrumb\"},\"inLanguage\":\"en-US\",\"potentialAction\":[{\"@type\":\"ReadAction\",\"target\":[\"http:\/\/www.quimipol.com.mx\/en\/product\/thixon-p-11-lata\/\"]}]},{\"@type\":\"ImageObject\",\"inLanguage\":\"en-US\",\"@id\":\"http:\/\/www.quimipol.com.mx\/en\/product\/thixon-p-11-lata\/#primaryimage\",\"url\":\"http:\/\/www.quimipol.com.mx\/wp-content\/uploads\/2021\/03\/THP1103NUC03.png\",\"contentUrl\":\"http:\/\/www.quimipol.com.mx\/wp-content\/uploads\/2021\/03\/THP1103NUC03.png\",\"width\":600,\"height\":600},{\"@type\":\"BreadcrumbList\",\"@id\":\"http:\/\/www.quimipol.com.mx\/en\/product\/thixon-p-11-lata\/#breadcrumb\",\"itemListElement\":[{\"@type\":\"ListItem\",\"position\":1,\"name\":\"Inicio\",\"item\":\"http:\/\/www.quimipol.com.mx\/\"},{\"@type\":\"ListItem\",\"position\":2,\"name\":\"Tienda\",\"item\":\"https:\/\/www.quimipol.com.mx\/tienda\/\"},{\"@type\":\"ListItem\",\"position\":3,\"name\":\"Thixon P-11 LATA\"}]},{\"@type\":\"WebSite\",\"@id\":\"http:\/\/www.quimipol.com.mx\/#website\",\"url\":\"http:\/\/www.quimipol.com.mx\/\",\"name\":\"Qu\u00edmicos y Pol\u00edmeros Corporation S.A. de C.V.\u00ae\",\"description\":\"\",\"publisher\":{\"@id\":\"http:\/\/www.quimipol.com.mx\/#organization\"},\"potentialAction\":[{\"@type\":\"SearchAction\",\"target\":{\"@type\":\"EntryPoint\",\"urlTemplate\":\"http:\/\/www.quimipol.com.mx\/?s={search_term_string}\"},\"query-input\":{\"@type\":\"PropertyValueSpecification\",\"valueRequired\":true,\"valueName\":\"search_term_string\"}}],\"inLanguage\":\"en-US\"},{\"@type\":\"Organization\",\"@id\":\"http:\/\/www.quimipol.com.mx\/#organization\",\"name\":\"Quimicos y Polimeros\",\"url\":\"http:\/\/www.quimipol.com.mx\/\",\"logo\":{\"@type\":\"ImageObject\",\"inLanguage\":\"en-US\",\"@id\":\"http:\/\/www.quimipol.com.mx\/#\/schema\/logo\/image\/\",\"url\":\"http:\/\/www.quimipol.com.mxwp-content\/uploads\/2021\/03\/cropped-PSULP8001DR07-scaled-1.jpg\",\"contentUrl\":\"http:\/\/www.quimipol.com.mxwp-content\/uploads\/2021\/03\/cropped-PSULP8001DR07-scaled-1.jpg\",\"width\":512,\"height\":512,\"caption\":\"Quimicos y Polimeros\"},\"image\":{\"@id\":\"http:\/\/www.quimipol.com.mx\/#\/schema\/logo\/image\/\"},\"sameAs\":[\"https:\/\/www.facebook.com\/quimicosypolimeros\",\"https:\/\/www.instagram.com\/quimicosypolimeros\/\",\"https:\/\/www.linkedin.com\/company\/quimicosypolimeroscorporation\",\"https:\/\/www.youtube.com\/channel\/UCYszrBcfRxbZIHbkLuHN_1A\"]}]}<\/script>\n<!-- \/ Yoast SEO plugin. -->","yoast_head_json":{"title":"Thixon P-11 LATA - Qu\u00edmicos y Pol\u00edmeros Corporation S.A. de C.V.\u00ae","robots":{"index":"index","follow":"follow","max-snippet":"max-snippet:-1","max-image-preview":"max-image-preview:large","max-video-preview":"max-video-preview:-1"},"canonical":"http:\/\/www.quimipol.com.mx\/en\/product\/thixon-p-11-lata\/","og_locale":"en_US","og_type":"article","og_title":"Thixon P-11 LATA - Qu\u00edmicos y Pol\u00edmeros Corporation S.A. de C.V.\u00ae","og_description":"Primer para adhesivo de la l\u00ednea Thixon y Megum en uniones Hule- Metal durante procesos de vulcanizaci\u00f3n. Presentaci\u00f3n: Lata 1 gal, y cubeta 20 L","og_url":"http:\/\/www.quimipol.com.mx\/en\/product\/thixon-p-11-lata\/","og_site_name":"Qu\u00edmicos y Pol\u00edmeros Corporation S.A. de C.V.\u00ae","article_publisher":"https:\/\/www.facebook.com\/quimicosypolimeros","article_modified_time":"2021-03-24T23:08:19+00:00","og_image":[{"width":600,"height":600,"url":"http:\/\/www.quimipol.com.mx\/wp-content\/uploads\/2021\/03\/THP1103NUC03.png","type":"image\/png"}],"twitter_card":"summary_large_image","schema":{"@context":"https:\/\/schema.org","@graph":[{"@type":"WebPage","@id":"http:\/\/www.quimipol.com.mx\/en\/product\/thixon-p-11-lata\/","url":"http:\/\/www.quimipol.com.mx\/en\/product\/thixon-p-11-lata\/","name":"Thixon P-11 LATA - Qu\u00edmicos y Pol\u00edmeros Corporation S.A. de C.V.\u00ae","isPartOf":{"@id":"http:\/\/www.quimipol.com.mx\/#website"},"primaryImageOfPage":{"@id":"http:\/\/www.quimipol.com.mx\/en\/product\/thixon-p-11-lata\/#primaryimage"},"image":{"@id":"http:\/\/www.quimipol.com.mx\/en\/product\/thixon-p-11-lata\/#primaryimage"},"thumbnailUrl":"http:\/\/www.quimipol.com.mx\/wp-content\/uploads\/2021\/03\/THP1103NUC03.png","datePublished":"2021-03-17T22:22:49+00:00","dateModified":"2021-03-24T23:08:19+00:00","breadcrumb":{"@id":"http:\/\/www.quimipol.com.mx\/en\/product\/thixon-p-11-lata\/#breadcrumb"},"inLanguage":"en-US","potentialAction":[{"@type":"ReadAction","target":["http:\/\/www.quimipol.com.mx\/en\/product\/thixon-p-11-lata\/"]}]},{"@type":"ImageObject","inLanguage":"en-US","@id":"http:\/\/www.quimipol.com.mx\/en\/product\/thixon-p-11-lata\/#primaryimage","url":"http:\/\/www.quimipol.com.mx\/wp-content\/uploads\/2021\/03\/THP1103NUC03.png","contentUrl":"http:\/\/www.quimipol.com.mx\/wp-content\/uploads\/2021\/03\/THP1103NUC03.png","width":600,"height":600},{"@type":"BreadcrumbList","@id":"http:\/\/www.quimipol.com.mx\/en\/product\/thixon-p-11-lata\/#breadcrumb","itemListElement":[{"@type":"ListItem","position":1,"name":"Inicio","item":"http:\/\/www.quimipol.com.mx\/"},{"@type":"ListItem","position":2,"name":"Tienda","item":"https:\/\/www.quimipol.com.mx\/tienda\/"},{"@type":"ListItem","position":3,"name":"Thixon P-11 LATA"}]},{"@type":"WebSite","@id":"http:\/\/www.quimipol.com.mx\/#website","url":"http:\/\/www.quimipol.com.mx\/","name":"Qu\u00edmicos y Pol\u00edmeros Corporation S.A. de C.V.\u00ae","description":"","publisher":{"@id":"http:\/\/www.quimipol.com.mx\/#organization"},"potentialAction":[{"@type":"SearchAction","target":{"@type":"EntryPoint","urlTemplate":"http:\/\/www.quimipol.com.mx\/?s={search_term_string}"},"query-input":{"@type":"PropertyValueSpecification","valueRequired":true,"valueName":"search_term_string"}}],"inLanguage":"en-US"},{"@type":"Organization","@id":"http:\/\/www.quimipol.com.mx\/#organization","name":"Quimicos y Polimeros","url":"http:\/\/www.quimipol.com.mx\/","logo":{"@type":"ImageObject","inLanguage":"en-US","@id":"http:\/\/www.quimipol.com.mx\/#\/schema\/logo\/image\/","url":"http:\/\/www.quimipol.com.mxwp-content\/uploads\/2021\/03\/cropped-PSULP8001DR07-scaled-1.jpg","contentUrl":"http:\/\/www.quimipol.com.mxwp-content\/uploads\/2021\/03\/cropped-PSULP8001DR07-scaled-1.jpg","width":512,"height":512,"caption":"Quimicos y Polimeros"},"image":{"@id":"http:\/\/www.quimipol.com.mx\/#\/schema\/logo\/image\/"},"sameAs":["https:\/\/www.facebook.com\/quimicosypolimeros","https:\/\/www.instagram.com\/quimicosypolimeros\/","https:\/\/www.linkedin.com\/company\/quimicosypolimeroscorporation","https:\/\/www.youtube.com\/channel\/UCYszrBcfRxbZIHbkLuHN_1A"]}]}},"_links":{"self":[{"href":"http:\/\/www.quimipol.com.mx\/en\/wp-json\/wp\/v2\/product\/460","targetHints":{"allow":["GET"]}}],"collection":[{"href":"http:\/\/www.quimipol.com.mx\/en\/wp-json\/wp\/v2\/product"}],"about":[{"href":"http:\/\/www.quimipol.com.mx\/en\/wp-json\/wp\/v2\/types\/product"}],"replies":[{"embeddable":true,"href":"http:\/\/www.quimipol.com.mx\/en\/wp-json\/wp\/v2\/comments?post=460"}],"wp:featuredmedia":[{"embeddable":true,"href":"http:\/\/www.quimipol.com.mx\/en\/wp-json\/wp\/v2\/media\/555"}],"wp:attachment":[{"href":"http:\/\/www.quimipol.com.mx\/en\/wp-json\/wp\/v2\/media?parent=460"}],"wp:term":[{"taxonomy":"product_brand","embeddable":true,"href":"http:\/\/www.quimipol.com.mx\/en\/wp-json\/wp\/v2\/product_brand?post=460"},{"taxonomy":"product_cat","embeddable":true,"href":"http:\/\/www.quimipol.com.mx\/en\/wp-json\/wp\/v2\/product_cat?post=460"},{"taxonomy":"product_tag","embeddable":true,"href":"http:\/\/www.quimipol.com.mx\/en\/wp-json\/wp\/v2\/product_tag?post=460"}],"curies":[{"name":"wp","href":"https:\/\/api.w.org\/{rel}","templated":true}]}}