{"id":452,"date":"2021-03-17T22:22:48","date_gmt":"2021-03-17T22:22:48","guid":{"rendered":"http:\/\/web.quimicosypolimeros.com\/product\/tmq-tqp-rubatan-184\/"},"modified":"2021-08-20T18:47:44","modified_gmt":"2021-08-20T18:47:44","slug":"tmq-tqp-rubatan-184","status":"publish","type":"product","link":"http:\/\/www.quimipol.com.mx\/en\/product\/tmq-tqp-rubatan-184\/","title":{"rendered":"TMQ (TQP) RUBATAN 184"},"content":{"rendered":"<p>Suministra resistencia a largo plazo contra envejecimiento por calor y condiciones ambientales, antiozonante de media intensidad. Usos: Compuestos de hule natural, SBR, NBR, IR, Neopreno, BR, L\u00e1tex, EPDM, pol\u00edmeros curables con per\u00f3xido<\/p>","protected":false},"excerpt":{"rendered":"<p>Antioxidante para compuestos de hule vulcanizados, elimina radicales libres, inhibe la oxidaci\u00f3n por metales pesados. Presentaci\u00f3n: Saco 25 kg<\/p>","protected":false},"featured_media":664,"comment_status":"closed","ping_status":"closed","template":"","meta":{"_monsterinsights_skip_tracking":false,"_monsterinsights_sitenote_active":false,"_monsterinsights_sitenote_note":"","_monsterinsights_sitenote_category":0},"product_brand":[],"product_cat":[110],"product_tag":[],"class_list":{"0":"post-452","1":"product","2":"type-product","3":"status-publish","4":"has-post-thumbnail","6":"product_cat-antioxidantes-manchantes","8":"first","9":"instock","10":"shipping-taxable","11":"purchasable","12":"product-type-simple"},"yoast_head":"<!-- This site is optimized with the Yoast SEO plugin v27.2 - https:\/\/yoast.com\/product\/yoast-seo-wordpress\/ -->\n<title>TMQ (TQP) RUBATAN 184 - Qu\u00edmicos y Pol\u00edmeros Corporation S.A. de C.V.\u00ae<\/title>\n<meta name=\"robots\" content=\"index, follow, max-snippet:-1, max-image-preview:large, max-video-preview:-1\" \/>\n<link rel=\"canonical\" href=\"http:\/\/www.quimipol.com.mx\/en\/product\/tmq-tqp-rubatan-184\/\" \/>\n<meta property=\"og:locale\" content=\"en_US\" \/>\n<meta property=\"og:type\" content=\"article\" \/>\n<meta property=\"og:title\" content=\"TMQ (TQP) RUBATAN 184 - Qu\u00edmicos y Pol\u00edmeros Corporation S.A. de C.V.\u00ae\" \/>\n<meta property=\"og:description\" content=\"Antioxidante para compuestos de hule vulcanizados, elimina radicales libres, inhibe la oxidaci\u00f3n por metales pesados. Presentaci\u00f3n: Saco 25 kg\" \/>\n<meta property=\"og:url\" content=\"http:\/\/www.quimipol.com.mx\/en\/product\/tmq-tqp-rubatan-184\/\" \/>\n<meta property=\"og:site_name\" content=\"Qu\u00edmicos y Pol\u00edmeros Corporation S.A. de C.V.\u00ae\" \/>\n<meta property=\"article:publisher\" content=\"https:\/\/www.facebook.com\/quimicosypolimeros\" \/>\n<meta property=\"article:modified_time\" content=\"2021-08-20T18:47:44+00:00\" \/>\n<meta property=\"og:image\" content=\"http:\/\/www.quimipol.com.mx\/wp-content\/uploads\/2021\/03\/CECAN029MA13-scaled.jpg\" \/>\n\t<meta property=\"og:image:width\" content=\"2560\" \/>\n\t<meta property=\"og:image:height\" content=\"1789\" \/>\n\t<meta property=\"og:image:type\" content=\"image\/jpeg\" \/>\n<meta name=\"twitter:card\" content=\"summary_large_image\" \/>\n<script type=\"application\/ld+json\" class=\"yoast-schema-graph\">{\"@context\":\"https:\/\/schema.org\",\"@graph\":[{\"@type\":\"WebPage\",\"@id\":\"http:\/\/www.quimipol.com.mx\/en\/product\/tmq-tqp-rubatan-184\/\",\"url\":\"http:\/\/www.quimipol.com.mx\/en\/product\/tmq-tqp-rubatan-184\/\",\"name\":\"TMQ (TQP) RUBATAN 184 - Qu\u00edmicos y Pol\u00edmeros Corporation S.A. de C.V.\u00ae\",\"isPartOf\":{\"@id\":\"http:\/\/www.quimipol.com.mx\/#website\"},\"primaryImageOfPage\":{\"@id\":\"http:\/\/www.quimipol.com.mx\/en\/product\/tmq-tqp-rubatan-184\/#primaryimage\"},\"image\":{\"@id\":\"http:\/\/www.quimipol.com.mx\/en\/product\/tmq-tqp-rubatan-184\/#primaryimage\"},\"thumbnailUrl\":\"http:\/\/www.quimipol.com.mx\/wp-content\/uploads\/2021\/03\/CECAN029MA13-scaled.jpg\",\"datePublished\":\"2021-03-17T22:22:48+00:00\",\"dateModified\":\"2021-08-20T18:47:44+00:00\",\"breadcrumb\":{\"@id\":\"http:\/\/www.quimipol.com.mx\/en\/product\/tmq-tqp-rubatan-184\/#breadcrumb\"},\"inLanguage\":\"en-US\",\"potentialAction\":[{\"@type\":\"ReadAction\",\"target\":[\"http:\/\/www.quimipol.com.mx\/en\/product\/tmq-tqp-rubatan-184\/\"]}]},{\"@type\":\"ImageObject\",\"inLanguage\":\"en-US\",\"@id\":\"http:\/\/www.quimipol.com.mx\/en\/product\/tmq-tqp-rubatan-184\/#primaryimage\",\"url\":\"http:\/\/www.quimipol.com.mx\/wp-content\/uploads\/2021\/03\/CECAN029MA13-scaled.jpg\",\"contentUrl\":\"http:\/\/www.quimipol.com.mx\/wp-content\/uploads\/2021\/03\/CECAN029MA13-scaled.jpg\",\"width\":2560,\"height\":1789},{\"@type\":\"BreadcrumbList\",\"@id\":\"http:\/\/www.quimipol.com.mx\/en\/product\/tmq-tqp-rubatan-184\/#breadcrumb\",\"itemListElement\":[{\"@type\":\"ListItem\",\"position\":1,\"name\":\"Inicio\",\"item\":\"http:\/\/www.quimipol.com.mx\/\"},{\"@type\":\"ListItem\",\"position\":2,\"name\":\"Tienda\",\"item\":\"https:\/\/www.quimipol.com.mx\/tienda\/\"},{\"@type\":\"ListItem\",\"position\":3,\"name\":\"TMQ (TQP) RUBATAN 184\"}]},{\"@type\":\"WebSite\",\"@id\":\"http:\/\/www.quimipol.com.mx\/#website\",\"url\":\"http:\/\/www.quimipol.com.mx\/\",\"name\":\"Qu\u00edmicos y Pol\u00edmeros Corporation S.A. de C.V.\u00ae\",\"description\":\"\",\"publisher\":{\"@id\":\"http:\/\/www.quimipol.com.mx\/#organization\"},\"potentialAction\":[{\"@type\":\"SearchAction\",\"target\":{\"@type\":\"EntryPoint\",\"urlTemplate\":\"http:\/\/www.quimipol.com.mx\/?s={search_term_string}\"},\"query-input\":{\"@type\":\"PropertyValueSpecification\",\"valueRequired\":true,\"valueName\":\"search_term_string\"}}],\"inLanguage\":\"en-US\"},{\"@type\":\"Organization\",\"@id\":\"http:\/\/www.quimipol.com.mx\/#organization\",\"name\":\"Quimicos y Polimeros\",\"url\":\"http:\/\/www.quimipol.com.mx\/\",\"logo\":{\"@type\":\"ImageObject\",\"inLanguage\":\"en-US\",\"@id\":\"http:\/\/www.quimipol.com.mx\/#\/schema\/logo\/image\/\",\"url\":\"http:\/\/www.quimipol.com.mxwp-content\/uploads\/2021\/03\/cropped-PSULP8001DR07-scaled-1.jpg\",\"contentUrl\":\"http:\/\/www.quimipol.com.mxwp-content\/uploads\/2021\/03\/cropped-PSULP8001DR07-scaled-1.jpg\",\"width\":512,\"height\":512,\"caption\":\"Quimicos y Polimeros\"},\"image\":{\"@id\":\"http:\/\/www.quimipol.com.mx\/#\/schema\/logo\/image\/\"},\"sameAs\":[\"https:\/\/www.facebook.com\/quimicosypolimeros\",\"https:\/\/www.instagram.com\/quimicosypolimeros\/\",\"https:\/\/www.linkedin.com\/company\/quimicosypolimeroscorporation\",\"https:\/\/www.youtube.com\/channel\/UCYszrBcfRxbZIHbkLuHN_1A\"]}]}<\/script>\n<!-- \/ Yoast SEO plugin. -->","yoast_head_json":{"title":"TMQ (TQP) RUBATAN 184 - Qu\u00edmicos y Pol\u00edmeros Corporation S.A. de C.V.\u00ae","robots":{"index":"index","follow":"follow","max-snippet":"max-snippet:-1","max-image-preview":"max-image-preview:large","max-video-preview":"max-video-preview:-1"},"canonical":"http:\/\/www.quimipol.com.mx\/en\/product\/tmq-tqp-rubatan-184\/","og_locale":"en_US","og_type":"article","og_title":"TMQ (TQP) RUBATAN 184 - Qu\u00edmicos y Pol\u00edmeros Corporation S.A. de C.V.\u00ae","og_description":"Antioxidante para compuestos de hule vulcanizados, elimina radicales libres, inhibe la oxidaci\u00f3n por metales pesados. Presentaci\u00f3n: Saco 25 kg","og_url":"http:\/\/www.quimipol.com.mx\/en\/product\/tmq-tqp-rubatan-184\/","og_site_name":"Qu\u00edmicos y Pol\u00edmeros Corporation S.A. de C.V.\u00ae","article_publisher":"https:\/\/www.facebook.com\/quimicosypolimeros","article_modified_time":"2021-08-20T18:47:44+00:00","og_image":[{"width":2560,"height":1789,"url":"http:\/\/www.quimipol.com.mx\/wp-content\/uploads\/2021\/03\/CECAN029MA13-scaled.jpg","type":"image\/jpeg"}],"twitter_card":"summary_large_image","schema":{"@context":"https:\/\/schema.org","@graph":[{"@type":"WebPage","@id":"http:\/\/www.quimipol.com.mx\/en\/product\/tmq-tqp-rubatan-184\/","url":"http:\/\/www.quimipol.com.mx\/en\/product\/tmq-tqp-rubatan-184\/","name":"TMQ (TQP) RUBATAN 184 - Qu\u00edmicos y Pol\u00edmeros Corporation S.A. de C.V.\u00ae","isPartOf":{"@id":"http:\/\/www.quimipol.com.mx\/#website"},"primaryImageOfPage":{"@id":"http:\/\/www.quimipol.com.mx\/en\/product\/tmq-tqp-rubatan-184\/#primaryimage"},"image":{"@id":"http:\/\/www.quimipol.com.mx\/en\/product\/tmq-tqp-rubatan-184\/#primaryimage"},"thumbnailUrl":"http:\/\/www.quimipol.com.mx\/wp-content\/uploads\/2021\/03\/CECAN029MA13-scaled.jpg","datePublished":"2021-03-17T22:22:48+00:00","dateModified":"2021-08-20T18:47:44+00:00","breadcrumb":{"@id":"http:\/\/www.quimipol.com.mx\/en\/product\/tmq-tqp-rubatan-184\/#breadcrumb"},"inLanguage":"en-US","potentialAction":[{"@type":"ReadAction","target":["http:\/\/www.quimipol.com.mx\/en\/product\/tmq-tqp-rubatan-184\/"]}]},{"@type":"ImageObject","inLanguage":"en-US","@id":"http:\/\/www.quimipol.com.mx\/en\/product\/tmq-tqp-rubatan-184\/#primaryimage","url":"http:\/\/www.quimipol.com.mx\/wp-content\/uploads\/2021\/03\/CECAN029MA13-scaled.jpg","contentUrl":"http:\/\/www.quimipol.com.mx\/wp-content\/uploads\/2021\/03\/CECAN029MA13-scaled.jpg","width":2560,"height":1789},{"@type":"BreadcrumbList","@id":"http:\/\/www.quimipol.com.mx\/en\/product\/tmq-tqp-rubatan-184\/#breadcrumb","itemListElement":[{"@type":"ListItem","position":1,"name":"Inicio","item":"http:\/\/www.quimipol.com.mx\/"},{"@type":"ListItem","position":2,"name":"Tienda","item":"https:\/\/www.quimipol.com.mx\/tienda\/"},{"@type":"ListItem","position":3,"name":"TMQ (TQP) RUBATAN 184"}]},{"@type":"WebSite","@id":"http:\/\/www.quimipol.com.mx\/#website","url":"http:\/\/www.quimipol.com.mx\/","name":"Qu\u00edmicos y Pol\u00edmeros Corporation S.A. de C.V.\u00ae","description":"","publisher":{"@id":"http:\/\/www.quimipol.com.mx\/#organization"},"potentialAction":[{"@type":"SearchAction","target":{"@type":"EntryPoint","urlTemplate":"http:\/\/www.quimipol.com.mx\/?s={search_term_string}"},"query-input":{"@type":"PropertyValueSpecification","valueRequired":true,"valueName":"search_term_string"}}],"inLanguage":"en-US"},{"@type":"Organization","@id":"http:\/\/www.quimipol.com.mx\/#organization","name":"Quimicos y Polimeros","url":"http:\/\/www.quimipol.com.mx\/","logo":{"@type":"ImageObject","inLanguage":"en-US","@id":"http:\/\/www.quimipol.com.mx\/#\/schema\/logo\/image\/","url":"http:\/\/www.quimipol.com.mxwp-content\/uploads\/2021\/03\/cropped-PSULP8001DR07-scaled-1.jpg","contentUrl":"http:\/\/www.quimipol.com.mxwp-content\/uploads\/2021\/03\/cropped-PSULP8001DR07-scaled-1.jpg","width":512,"height":512,"caption":"Quimicos y Polimeros"},"image":{"@id":"http:\/\/www.quimipol.com.mx\/#\/schema\/logo\/image\/"},"sameAs":["https:\/\/www.facebook.com\/quimicosypolimeros","https:\/\/www.instagram.com\/quimicosypolimeros\/","https:\/\/www.linkedin.com\/company\/quimicosypolimeroscorporation","https:\/\/www.youtube.com\/channel\/UCYszrBcfRxbZIHbkLuHN_1A"]}]}},"_links":{"self":[{"href":"http:\/\/www.quimipol.com.mx\/en\/wp-json\/wp\/v2\/product\/452","targetHints":{"allow":["GET"]}}],"collection":[{"href":"http:\/\/www.quimipol.com.mx\/en\/wp-json\/wp\/v2\/product"}],"about":[{"href":"http:\/\/www.quimipol.com.mx\/en\/wp-json\/wp\/v2\/types\/product"}],"replies":[{"embeddable":true,"href":"http:\/\/www.quimipol.com.mx\/en\/wp-json\/wp\/v2\/comments?post=452"}],"wp:featuredmedia":[{"embeddable":true,"href":"http:\/\/www.quimipol.com.mx\/en\/wp-json\/wp\/v2\/media\/664"}],"wp:attachment":[{"href":"http:\/\/www.quimipol.com.mx\/en\/wp-json\/wp\/v2\/media?parent=452"}],"wp:term":[{"taxonomy":"product_brand","embeddable":true,"href":"http:\/\/www.quimipol.com.mx\/en\/wp-json\/wp\/v2\/product_brand?post=452"},{"taxonomy":"product_cat","embeddable":true,"href":"http:\/\/www.quimipol.com.mx\/en\/wp-json\/wp\/v2\/product_cat?post=452"},{"taxonomy":"product_tag","embeddable":true,"href":"http:\/\/www.quimipol.com.mx\/en\/wp-json\/wp\/v2\/product_tag?post=452"}],"curies":[{"name":"wp","href":"https:\/\/api.w.org\/{rel}","templated":true}]}}