{"id":571,"date":"2021-03-23T19:18:38","date_gmt":"2021-03-23T19:18:38","guid":{"rendered":"http:\/\/web.quimicosypolimeros.com\/?page_id=571"},"modified":"2021-03-23T19:35:06","modified_gmt":"2021-03-23T19:35:06","slug":"politica-de-reembolso-a-cliente","status":"publish","type":"page","link":"http:\/\/www.quimipol.com.mx\/en\/politica-de-reembolso-a-cliente\/","title":{"rendered":"CUSTOMER REFUND POLICY"},"content":{"rendered":"<div class=\"banner has-hover\" id=\"banner-230862632\">\n          <div class=\"banner-inner fill\">\n        <div class=\"banner-bg fill\" >\n            <div class=\"bg fill bg-fill\"><\/div>\n                                    \n                    <\/div>\n        <div class=\"banner-layers container\">\n            <div class=\"fill banner-link\"><\/div>            \n\n   <div id=\"text-box-1178524417\" class=\"text-box banner-layer x50 md-x50 lg-x50 y50 md-y50 lg-y50 res-text\">\n                                <div class=\"text-box-content text dark\">\n              \n              <div class=\"text-inner text-center\">\n                  \n\n<h3 class=\"uppercase\"><strong>CUSTOMER REFUND POLICY<\/strong><\/h3>\n\n              <\/div>\n           <\/div>\n                            \n<style>\n#text-box-1178524417 {\n  width: 60%;\n}\n#text-box-1178524417 .text-box-content {\n  font-size: 100%;\n}\n<\/style>\n    <\/div>\n \n\n        <\/div>\n      <\/div>\n\n            \n<style>\n#banner-230862632 {\n  padding-top: 100px;\n}\n<\/style>\n  <\/div>\n\n\n<div class=\"text-center\"><div class=\"is-divider divider clearfix\" ><\/div><\/div>\n\n<p><strong>PURPOSE:<\/strong> Have a documented policy that establishes the guidelines to be followed to ensure a good process of reimbursement of the cost of the material claimed by the customer.<\/p>\n<p><strong>SCOPE:<\/strong> This procedure applies from the customer's refund request by sales, to the process of authorization of the corresponding refund.<\/p>\n<p><strong>Field of coverage:<\/strong> This procedure is applicable to the credit and collection, commercial, payable accounts, invoicing areas and General Management.<\/p>\n<p><strong>DEFINITIONS<\/strong><\/p>\n<p><strong>ORDER:<\/strong> Any product request made by a customer.<\/p>\n<p><strong>INVOICE:<\/strong> Document in which the commercial conditions of the products acquired by the customer are indicated, as well as their quantities and indication of the order requested.<\/p>\n<p><strong>REQUIREMENT:<\/strong> Need or expectation established, generally implicit or mandatory.<\/p>\n<p><strong>CUSTOMER:<\/strong> Person or organization that could receive or that receives a product or service intended for or required by that person or organization.<\/p>\n<p><strong>PRODUCT:<\/strong> An output of an organization that can be produced without any transaction taking place between the organization and the customer.<\/p>\n<p><strong>PROCESS:<\/strong> A set of mutually related activities that use inputs to provide an intended result.<\/p>\n<p><strong>REEMBOLSO:<\/strong> Devoluci\u00f3n de una cantidad de dinero a la persona que la hab\u00eda desembolsado.<\/p>\n<p><strong>REFERENCES<\/strong><\/p>\n<p>NMX-CC-9001-IMNC-2015: QUALITY MANAGEMENT SYSTEMS REQUIREMENTS<\/p>\n<p>NMX-CC-9000-IMC-2015: QUALITY MANAGEMENT SYSTEM FUNDAMENTALS AND VOCABULARY<\/p>\n<p>NMX-CC-9004-IMNC-2009: MANAGEMENT FOR SUSTAINED SUCCESS OF AN ORGANIZATION<\/p>\n<p><strong>RESPONSIBILITIES<\/strong><\/p>\n<p><strong>GENERAL MANAGEMENT<\/strong><\/p>\n<ul>\n<li>Authorize, if applicable the refund requested by the commercial area when the claim of the material is considered accepted and the customer doesn't accept physical change.<\/li>\n<\/ul>\n<p><strong>SALES<\/strong><\/p>\n<ul>\n<li>Request with sufficient anticipation the authorization to any refund by General Management and Credit and Collection to ensure that the customer's requirements are fulfilled.<\/li>\n<\/ul>\n<p><strong>INVOICING<\/strong><\/p>\n<ul>\n<li>Cancel invoices if necessary or make credit note as appropriate and notify the areas involved.<\/li>\n<\/ul>\n<p><strong>ACTIVITY AND DEVELOPMENT<\/strong><\/p>\n<p>1.1.- When any return made by any customer is considered accepted and has been authorized by the General Management and Credit and Collections and it's necessary to make any refund, the sales executive by means of an e-mail request to the General Management its authorization for the corresponding payment, the e-mail must be copied to the departments involved:<\/p>\n<ul>\n<li>Credit and Collections<\/li>\n<li>Accounts payable<\/li>\n<li>Comptroller's office<\/li>\n<li>Invoicing<\/li>\n<\/ul>\n<p>In addition, the request must include the name of the client, the invoice to which the reimbursement corresponds and bank details such as: bank name, account number and interbank account number.<\/p>\n<p>1.1.2.- The sales executive follows up on the refund request until the corresponding authorization is made by the General Management and\/or Credit and Collection. \u00a0<\/p>\n<p>1.1.3.- Accounts payable, once notified by the commercial area of the reimbursement authorization, carries out the corresponding activities, contacts the client to confirm the information and the account to which the corresponding payment will be applied and makes the payment.<\/p>\n<p><strong>Refunds won't be paid to different accounts that aren't in the name of the customer who was billed.<\/strong><\/p>\n<p>1.1.4.- Accounts payable and the other departments involved keep the corresponding documentation that proves that the authorized reimbursement was made.<\/p>\n<p>1.1.5.- The sales executive confirms with the customer that he\/she agrees and confirms the requested refund and retains supporting documentation.<\/p>","protected":false},"excerpt":{"rendered":"","protected":false},"author":1,"featured_media":0,"parent":0,"menu_order":0,"comment_status":"closed","ping_status":"closed","template":"","meta":{"_monsterinsights_skip_tracking":false,"_monsterinsights_sitenote_active":false,"_monsterinsights_sitenote_note":"","_monsterinsights_sitenote_category":0,"footnotes":""},"class_list":["post-571","page","type-page","status-publish","hentry"],"yoast_head":"<!-- This site is optimized with the Yoast SEO plugin v27.2 - https:\/\/yoast.com\/product\/yoast-seo-wordpress\/ -->\n<title>Pol\u00edtica de Reembolso a cliente - Qu\u00edmicos y Pol\u00edmeros Corporation S.A. de C.V.\u00ae<\/title>\n<meta name=\"robots\" content=\"index, follow, max-snippet:-1, max-image-preview:large, max-video-preview:-1\" \/>\n<link rel=\"canonical\" href=\"https:\/\/www.quimipol.com.mx\/en\/politica-de-reembolso-a-cliente\/\" \/>\n<meta property=\"og:locale\" content=\"en_US\" \/>\n<meta property=\"og:type\" content=\"article\" \/>\n<meta property=\"og:title\" content=\"Pol\u00edtica de Reembolso a cliente - Qu\u00edmicos y Pol\u00edmeros Corporation S.A. de C.V.\u00ae\" \/>\n<meta property=\"og:url\" content=\"https:\/\/www.quimipol.com.mx\/en\/politica-de-reembolso-a-cliente\/\" \/>\n<meta property=\"og:site_name\" content=\"Qu\u00edmicos y Pol\u00edmeros Corporation S.A. de C.V.\u00ae\" \/>\n<meta property=\"article:publisher\" content=\"https:\/\/www.facebook.com\/quimicosypolimeros\" \/>\n<meta property=\"article:modified_time\" content=\"2021-03-23T19:35:06+00:00\" \/>\n<meta name=\"twitter:card\" content=\"summary_large_image\" \/>\n<meta name=\"twitter:label1\" content=\"Est. reading time\" \/>\n\t<meta name=\"twitter:data1\" content=\"3 minutes\" \/>\n<script type=\"application\/ld+json\" class=\"yoast-schema-graph\">{\"@context\":\"https:\/\/schema.org\",\"@graph\":[{\"@type\":\"WebPage\",\"@id\":\"https:\/\/www.quimipol.com.mx\/en\/politica-de-reembolso-a-cliente\/\",\"url\":\"https:\/\/www.quimipol.com.mx\/en\/politica-de-reembolso-a-cliente\/\",\"name\":\"Pol\u00edtica de Reembolso a cliente - Qu\u00edmicos y Pol\u00edmeros Corporation S.A. de C.V.\u00ae\",\"isPartOf\":{\"@id\":\"http:\/\/www.quimipol.com.mx\/#website\"},\"datePublished\":\"2021-03-23T19:18:38+00:00\",\"dateModified\":\"2021-03-23T19:35:06+00:00\",\"breadcrumb\":{\"@id\":\"https:\/\/www.quimipol.com.mx\/en\/politica-de-reembolso-a-cliente\/#breadcrumb\"},\"inLanguage\":\"en-US\",\"potentialAction\":[{\"@type\":\"ReadAction\",\"target\":[\"https:\/\/www.quimipol.com.mx\/en\/politica-de-reembolso-a-cliente\/\"]}]},{\"@type\":\"BreadcrumbList\",\"@id\":\"https:\/\/www.quimipol.com.mx\/en\/politica-de-reembolso-a-cliente\/#breadcrumb\",\"itemListElement\":[{\"@type\":\"ListItem\",\"position\":1,\"name\":\"Inicio\",\"item\":\"http:\/\/www.quimipol.com.mx\/\"},{\"@type\":\"ListItem\",\"position\":2,\"name\":\"Pol\u00edtica de Reembolso a cliente\"}]},{\"@type\":\"WebSite\",\"@id\":\"http:\/\/www.quimipol.com.mx\/#website\",\"url\":\"http:\/\/www.quimipol.com.mx\/\",\"name\":\"Qu\u00edmicos y Pol\u00edmeros Corporation S.A. de C.V.\u00ae\",\"description\":\"\",\"publisher\":{\"@id\":\"http:\/\/www.quimipol.com.mx\/#organization\"},\"potentialAction\":[{\"@type\":\"SearchAction\",\"target\":{\"@type\":\"EntryPoint\",\"urlTemplate\":\"http:\/\/www.quimipol.com.mx\/?s={search_term_string}\"},\"query-input\":{\"@type\":\"PropertyValueSpecification\",\"valueRequired\":true,\"valueName\":\"search_term_string\"}}],\"inLanguage\":\"en-US\"},{\"@type\":\"Organization\",\"@id\":\"http:\/\/www.quimipol.com.mx\/#organization\",\"name\":\"Quimicos y Polimeros\",\"url\":\"http:\/\/www.quimipol.com.mx\/\",\"logo\":{\"@type\":\"ImageObject\",\"inLanguage\":\"en-US\",\"@id\":\"http:\/\/www.quimipol.com.mx\/#\/schema\/logo\/image\/\",\"url\":\"http:\/\/www.quimipol.com.mxwp-content\/uploads\/2021\/03\/cropped-PSULP8001DR07-scaled-1.jpg\",\"contentUrl\":\"http:\/\/www.quimipol.com.mxwp-content\/uploads\/2021\/03\/cropped-PSULP8001DR07-scaled-1.jpg\",\"width\":512,\"height\":512,\"caption\":\"Quimicos y Polimeros\"},\"image\":{\"@id\":\"http:\/\/www.quimipol.com.mx\/#\/schema\/logo\/image\/\"},\"sameAs\":[\"https:\/\/www.facebook.com\/quimicosypolimeros\",\"https:\/\/www.instagram.com\/quimicosypolimeros\/\",\"https:\/\/www.linkedin.com\/company\/quimicosypolimeroscorporation\",\"https:\/\/www.youtube.com\/channel\/UCYszrBcfRxbZIHbkLuHN_1A\"]}]}<\/script>\n<!-- \/ Yoast SEO plugin. -->","yoast_head_json":{"title":"Pol\u00edtica de Reembolso a cliente - Qu\u00edmicos y Pol\u00edmeros Corporation S.A. de C.V.\u00ae","robots":{"index":"index","follow":"follow","max-snippet":"max-snippet:-1","max-image-preview":"max-image-preview:large","max-video-preview":"max-video-preview:-1"},"canonical":"https:\/\/www.quimipol.com.mx\/en\/politica-de-reembolso-a-cliente\/","og_locale":"en_US","og_type":"article","og_title":"Pol\u00edtica de Reembolso a cliente - Qu\u00edmicos y Pol\u00edmeros Corporation S.A. de C.V.\u00ae","og_url":"https:\/\/www.quimipol.com.mx\/en\/politica-de-reembolso-a-cliente\/","og_site_name":"Qu\u00edmicos y Pol\u00edmeros Corporation S.A. de C.V.\u00ae","article_publisher":"https:\/\/www.facebook.com\/quimicosypolimeros","article_modified_time":"2021-03-23T19:35:06+00:00","twitter_card":"summary_large_image","twitter_misc":{"Est. reading time":"3 minutes"},"schema":{"@context":"https:\/\/schema.org","@graph":[{"@type":"WebPage","@id":"https:\/\/www.quimipol.com.mx\/en\/politica-de-reembolso-a-cliente\/","url":"https:\/\/www.quimipol.com.mx\/en\/politica-de-reembolso-a-cliente\/","name":"Pol\u00edtica de Reembolso a cliente - Qu\u00edmicos y Pol\u00edmeros Corporation S.A. de C.V.\u00ae","isPartOf":{"@id":"http:\/\/www.quimipol.com.mx\/#website"},"datePublished":"2021-03-23T19:18:38+00:00","dateModified":"2021-03-23T19:35:06+00:00","breadcrumb":{"@id":"https:\/\/www.quimipol.com.mx\/en\/politica-de-reembolso-a-cliente\/#breadcrumb"},"inLanguage":"en-US","potentialAction":[{"@type":"ReadAction","target":["https:\/\/www.quimipol.com.mx\/en\/politica-de-reembolso-a-cliente\/"]}]},{"@type":"BreadcrumbList","@id":"https:\/\/www.quimipol.com.mx\/en\/politica-de-reembolso-a-cliente\/#breadcrumb","itemListElement":[{"@type":"ListItem","position":1,"name":"Inicio","item":"http:\/\/www.quimipol.com.mx\/"},{"@type":"ListItem","position":2,"name":"Pol\u00edtica de Reembolso a cliente"}]},{"@type":"WebSite","@id":"http:\/\/www.quimipol.com.mx\/#website","url":"http:\/\/www.quimipol.com.mx\/","name":"Qu\u00edmicos y Pol\u00edmeros Corporation S.A. de C.V.\u00ae","description":"","publisher":{"@id":"http:\/\/www.quimipol.com.mx\/#organization"},"potentialAction":[{"@type":"SearchAction","target":{"@type":"EntryPoint","urlTemplate":"http:\/\/www.quimipol.com.mx\/?s={search_term_string}"},"query-input":{"@type":"PropertyValueSpecification","valueRequired":true,"valueName":"search_term_string"}}],"inLanguage":"en-US"},{"@type":"Organization","@id":"http:\/\/www.quimipol.com.mx\/#organization","name":"Quimicos y Polimeros","url":"http:\/\/www.quimipol.com.mx\/","logo":{"@type":"ImageObject","inLanguage":"en-US","@id":"http:\/\/www.quimipol.com.mx\/#\/schema\/logo\/image\/","url":"http:\/\/www.quimipol.com.mxwp-content\/uploads\/2021\/03\/cropped-PSULP8001DR07-scaled-1.jpg","contentUrl":"http:\/\/www.quimipol.com.mxwp-content\/uploads\/2021\/03\/cropped-PSULP8001DR07-scaled-1.jpg","width":512,"height":512,"caption":"Quimicos y Polimeros"},"image":{"@id":"http:\/\/www.quimipol.com.mx\/#\/schema\/logo\/image\/"},"sameAs":["https:\/\/www.facebook.com\/quimicosypolimeros","https:\/\/www.instagram.com\/quimicosypolimeros\/","https:\/\/www.linkedin.com\/company\/quimicosypolimeroscorporation","https:\/\/www.youtube.com\/channel\/UCYszrBcfRxbZIHbkLuHN_1A"]}]}},"_links":{"self":[{"href":"http:\/\/www.quimipol.com.mx\/en\/wp-json\/wp\/v2\/pages\/571","targetHints":{"allow":["GET"]}}],"collection":[{"href":"http:\/\/www.quimipol.com.mx\/en\/wp-json\/wp\/v2\/pages"}],"about":[{"href":"http:\/\/www.quimipol.com.mx\/en\/wp-json\/wp\/v2\/types\/page"}],"author":[{"embeddable":true,"href":"http:\/\/www.quimipol.com.mx\/en\/wp-json\/wp\/v2\/users\/1"}],"replies":[{"embeddable":true,"href":"http:\/\/www.quimipol.com.mx\/en\/wp-json\/wp\/v2\/comments?post=571"}],"version-history":[{"count":2,"href":"http:\/\/www.quimipol.com.mx\/en\/wp-json\/wp\/v2\/pages\/571\/revisions"}],"predecessor-version":[{"id":573,"href":"http:\/\/www.quimipol.com.mx\/en\/wp-json\/wp\/v2\/pages\/571\/revisions\/573"}],"wp:attachment":[{"href":"http:\/\/www.quimipol.com.mx\/en\/wp-json\/wp\/v2\/media?parent=571"}],"curies":[{"name":"wp","href":"https:\/\/api.w.org\/{rel}","templated":true}]}}